{"id":3736,"date":"2023-07-31T13:19:48","date_gmt":"2023-07-31T13:19:48","guid":{"rendered":"https:\/\/tplabs.co\/surince\/?page_id=3736"},"modified":"2025-12-05T04:02:46","modified_gmt":"2025-12-05T04:02:46","slug":"nosotros","status":"publish","type":"page","link":"https:\/\/auditoresfe.cl\/?page_id=3736","title":{"rendered":"Nosotros"},"content":{"rendered":"\t\t<div data-elementor-type=\"wp-page\" data-elementor-id=\"3736\" class=\"elementor elementor-3736\">\n\t\t\t\t\t\t<section class=\"elementor-section elementor-top-section elementor-element elementor-element-f7e3bf0 elementor-section-full_width elementor-section-height-default elementor-section-height-default\" data-id=\"f7e3bf0\" data-element_type=\"section\">\n\t\t\t\t\t\t<div class=\"elementor-container elementor-column-gap-no\">\n\t\t\t\t\t<div class=\"elementor-column elementor-col-100 elementor-top-column elementor-element elementor-element-b4f1280\" data-id=\"b4f1280\" data-element_type=\"column\">\n\t\t\t<div class=\"elementor-widget-wrap elementor-element-populated\">\n\t\t\t\t\t\t<div class=\"elementor-element elementor-element-beb0089 elementor-widget__width-initial elementor-absolute rotate image-width-full elementor-widget elementor-widget-mae-gallery-stack\" data-id=\"beb0089\" data-element_type=\"widget\" data-settings=\"{&quot;_position&quot;:&quot;absolute&quot;}\" data-widget_type=\"mae-gallery-stack.default\">\n\t\t\t\t<div class=\"elementor-widget-container\">\n\t\t\t\t\t\t\t<div class=\"master-gallery-stack\">\n\t\t\t<div class=\"master-fancy-image elementor-repeater-item-09ac577 \" data-top=\"0px\" data-calcHeight=\"no\">\n\t\t\t\t\t\t\t\t\t\t<div class=\"image-wrap\"><img fetchpriority=\"high\" decoding=\"async\" width=\"740\" height=\"754\" src=\"https:\/\/auditoresfe.cl\/wp-content\/uploads\/2023\/07\/circle-dots.webp\" class=\"attachment-full size-full\" alt=\"\" srcset=\"https:\/\/auditoresfe.cl\/wp-content\/uploads\/2023\/07\/circle-dots.webp 740w, https:\/\/auditoresfe.cl\/wp-content\/uploads\/2023\/07\/circle-dots-294x300.webp 294w, https:\/\/auditoresfe.cl\/wp-content\/uploads\/2023\/07\/circle-dots-70x70.webp 70w\" sizes=\"(max-width: 740px) 100vw, 740px\" \/><\/div>\n\t\t\t\t\t\t\t\t\t<\/div>\t\t<\/div>\n\t    \t\t\t\t<\/div>\n\t\t\t\t<\/div>\n\t\t\t\t<div class=\"elementor-element elementor-element-8f4c150 elementor-widget elementor-widget-spacer\" data-id=\"8f4c150\" data-element_type=\"widget\" data-widget_type=\"spacer.default\">\n\t\t\t\t\t\t\t<div class=\"elementor-spacer\">\n\t\t\t<div class=\"elementor-spacer-inner\"><\/div>\n\t\t<\/div>\n\t\t\t\t\t\t<\/div>\n\t\t\t\t<section class=\"elementor-section elementor-inner-section elementor-element elementor-element-da277e3 elementor-section-boxed elementor-section-height-default elementor-section-height-default\" data-id=\"da277e3\" data-element_type=\"section\">\n\t\t\t\t\t\t<div class=\"elementor-container elementor-column-gap-default\">\n\t\t\t\t\t<div class=\"elementor-column elementor-col-50 elementor-inner-column elementor-element elementor-element-6ac4b27\" data-id=\"6ac4b27\" data-element_type=\"column\">\n\t\t\t<div class=\"elementor-widget-wrap elementor-element-populated\">\n\t\t\t\t\t\t<div class=\"elementor-element elementor-element-97f7bdf image-width-full elementor-widget elementor-widget-mae-gallery-stack\" data-id=\"97f7bdf\" data-element_type=\"widget\" data-widget_type=\"mae-gallery-stack.default\">\n\t\t\t\t<div class=\"elementor-widget-container\">\n\t\t\t\t\t\t\t<div class=\"master-gallery-stack\">\n\t\t\t<div class=\"master-fancy-image elementor-repeater-item-3cd1d9f \" data-top=\"0px\" data-parallax='{\"x\" : 30, \"y\" : 0, \"smoothness\" : 30, \"rotateX\" : 0, \"rotateY\" : 0, \"rotateZ\" : 0}' data-calcHeight=\"no\">\n\t\t\t\t\t\t\t\t\t<div class=\"image-wrap\"><img decoding=\"async\" width=\"373\" height=\"412\" src=\"https:\/\/auditoresfe.cl\/wp-content\/uploads\/2023\/07\/about-img1.jpg\" class=\"attachment-full size-full\" alt=\"\" srcset=\"https:\/\/auditoresfe.cl\/wp-content\/uploads\/2023\/07\/about-img1.jpg 373w, https:\/\/auditoresfe.cl\/wp-content\/uploads\/2023\/07\/about-img1-272x300.jpg 272w\" sizes=\"(max-width: 373px) 100vw, 373px\" \/><\/div>\n\t\t\t\t\t\t\t\t<\/div><div class=\"master-fancy-image elementor-repeater-item-ba0116b \" data-top=\"0px\" data-calcHeight=\"no\">\n\t\t\t\t\t\t\t\t\t\t<div class=\"image-wrap\"><img decoding=\"async\" width=\"203\" height=\"194\" src=\"https:\/\/auditoresfe.cl\/wp-content\/uploads\/2023\/07\/about-img2.jpg\" class=\"attachment-full size-full\" alt=\"\" \/><\/div>\n\t\t\t\t\t\t\t\t\t<\/div><div class=\"master-fancy-image elementor-repeater-item-f9a11e9 \" data-top=\"220px\" data-calcHeight=\"yes\">\n\t\t\t\t\t\t\t\t\t\t<div class=\"image-wrap\"><img loading=\"lazy\" decoding=\"async\" width=\"433\" height=\"283\" src=\"https:\/\/auditoresfe.cl\/wp-content\/uploads\/2023\/07\/about-img3.jpg\" class=\"attachment-full size-full\" alt=\"\" srcset=\"https:\/\/auditoresfe.cl\/wp-content\/uploads\/2023\/07\/about-img3.jpg 433w, https:\/\/auditoresfe.cl\/wp-content\/uploads\/2023\/07\/about-img3-300x196.jpg 300w\" sizes=\"(max-width: 433px) 100vw, 433px\" \/><\/div>\n\t\t\t\t\t\t\t\t\t<\/div><div class=\"master-text master-animation elementor-repeater-item-28e17e1  \" data-animation=\"fadeIn\"><div class=\"inner default\"><svg \n xmlns=\"http:\/\/www.w3.org\/2000\/svg\"\n xmlns:xlink=\"http:\/\/www.w3.org\/1999\/xlink\"\n width=\"385px\" height=\"279px\">\n<defs>\n<linearGradient id=\"PSgrad_0\" x1=\"0%\" x2=\"0%\" y1=\"100%\" y2=\"0%\">\n  <stop offset=\"0%\" stop-color=\"rgb(254,253,253)\" stop-opacity=\"0\" \/>\n  <stop offset=\"100%\" stop-color=\"rgb(234,234,241)\" stop-opacity=\"1\" \/>\n<\/linearGradient>\n\n<\/defs>\n<path fill-rule=\"evenodd\"  stroke-width=\"4px\" stroke=\"rgb(40, 183, 154)\" fill=\"none\"\n d=\"M27.999,7.999 L357.999,7.999 C369.45,7.999 377.999,16.954 377.999,27.999 L377.999,251.999 C377.999,263.45 369.45,271.999 357.999,271.999 L27.999,271.999 C16.954,271.999 7.999,263.45 7.999,251.999 L7.999,27.999 C7.999,16.954 16.954,7.999 27.999,7.999 Z\"\/>\n<\/svg><\/div><\/div>\t\t<\/div>\n\t    \t\t\t\t<\/div>\n\t\t\t\t<\/div>\n\t\t\t\t\t<\/div>\n\t\t<\/div>\n\t\t\t\t<div class=\"elementor-column elementor-col-50 elementor-inner-column elementor-element elementor-element-b935c50\" data-id=\"b935c50\" data-element_type=\"column\">\n\t\t\t<div class=\"elementor-widget-wrap elementor-element-populated\">\n\t\t\t\t\t\t<div class=\"elementor-element elementor-element-e387cc0 heading-default elementor-widget elementor-widget-mae-headings\" data-id=\"e387cc0\" data-element_type=\"widget\" data-widget_type=\"mae-headings.default\">\n\t\t\t\t<div class=\"elementor-widget-container\">\n\t\t\t\t\t\t\t<div class=\"master-heading sep-none\">\n\t\t\t\t\t\t\t        \t        \t<div class=\"pre-heading\"><span class=\"line\"><span class=\"inner\"><\/span><\/span>Acerca de esta compa\u00f1ia<\/div>\n\t        \n\t        \n\t        \t        <h2 class=\"main-heading\">Excelente servicio, soluciones para la vida y los negocios<\/h2>\n\t        \n\t        \n\t        \t            <div class=\"sub-heading\">Somos un equipo de Contadores Auditores dedicados a transformar la complejidad financiera y legal en oportunidades de crecimiento para tu negocio. Con m\u00e1s de 14 a\u00f1os de s\u00f3lida experiencia en el mercado, hemos acompa\u00f1ado a empresas de diversos rubros a alcanzar sus metas con seguridad y precisi\u00f3n.<\/div>\n\t        \t    <\/div>\n\t    \t\t\t\t<\/div>\n\t\t\t\t<\/div>\n\t\t\t\t\t<\/div>\n\t\t<\/div>\n\t\t\t\t\t<\/div>\n\t\t<\/section>\n\t\t\t\t<div class=\"elementor-element elementor-element-d3d9e18 elementor-widget elementor-widget-spacer\" data-id=\"d3d9e18\" data-element_type=\"widget\" data-widget_type=\"spacer.default\">\n\t\t\t\t\t\t\t<div class=\"elementor-spacer\">\n\t\t\t<div class=\"elementor-spacer-inner\"><\/div>\n\t\t<\/div>\n\t\t\t\t\t\t<\/div>\n\t\t\t\t\t<\/div>\n\t\t<\/div>\n\t\t\t\t\t<\/div>\n\t\t<\/section>\n\t\t\t\t<section class=\"elementor-section elementor-top-section elementor-element elementor-element-01e4d7f elementor-section-boxed elementor-section-height-default elementor-section-height-default\" data-id=\"01e4d7f\" data-element_type=\"section\">\n\t\t\t\t\t\t<div class=\"elementor-container elementor-column-gap-default\">\n\t\t\t\t\t<div class=\"elementor-column elementor-col-100 elementor-top-column elementor-element elementor-element-e45cd79\" data-id=\"e45cd79\" data-element_type=\"column\">\n\t\t\t<div class=\"elementor-widget-wrap elementor-element-populated\">\n\t\t\t\t\t\t<section class=\"elementor-section elementor-inner-section elementor-element elementor-element-869eff0 elementor-section-full_width elementor-section-height-default elementor-section-height-default\" data-id=\"869eff0\" data-element_type=\"section\" data-settings=\"{&quot;background_background&quot;:&quot;classic&quot;}\">\n\t\t\t\t\t\t<div class=\"elementor-container elementor-column-gap-default\">\n\t\t\t\t\t<div class=\"elementor-column elementor-col-50 elementor-inner-column elementor-element elementor-element-c656fda\" data-id=\"c656fda\" data-element_type=\"column\">\n\t\t\t<div class=\"elementor-widget-wrap elementor-element-populated\">\n\t\t\t\t\t\t<div class=\"elementor-element elementor-element-c6e2770 btn-align-left tabs-vertical tabs-default elementor-widget elementor-widget-mae-tabs\" data-id=\"c6e2770\" data-element_type=\"widget\" data-widget_type=\"mae-tabs.default\">\n\t\t\t\t<div class=\"elementor-widget-container\">\n\t\t\t\t\t\n\t\t<div class=\"master-tabs\">\n\t\t    <div class=\"interactive-line\"><div class=\"line\"><\/div><\/div>\t\t\t\t\t\t<div class=\"tab-link-wrap\">\n\t\t\t\t\t\t\t\t<div class=\"tab-link\" data-tab=\"tab-1180\">\n\t\t\t\t    \t\t\t\t    Nuestra mision\t\t\t\t<\/div>\n\t\t\t\t\t\t\t\t<div class=\"tab-link\" data-tab=\"tab-2180\">\n\t\t\t\t    \t\t\t\t    Nuestra visi\u00f3n\t\t\t\t<\/div>\n\t\t\t\t\t\t\t\t<div class=\"tab-link\" data-tab=\"tab-3180\">\n\t\t\t\t    \t\t\t\t    Nuestra compa\u00f1ia\t\t\t\t<\/div>\n\t\t\t\t\t\t\t\t\t\t\t<\/div>\n\t\t\t\n\t\t\t<div class=\"tab-content-wrap\">\n\t\t\t\t\t\t\t\t<div id=\"tab-1180\" class=\"tab-content\">\n\t\t\t\t\t<p><span class=\"\">Nuestra especialidad no es solo el cumplimiento normativo; es ofrecer una <\/span><b class=\"\">asesor\u00eda integral<\/b><span class=\"\"> y proactiva.<\/span><span class=\"\"> Nos centramos en cuatro pilares fundamentales para la salud de tu empresa<\/span><\/p>\t\t\t\t<\/div>\n\t\t\t\t\t\t\t\t<div id=\"tab-2180\" class=\"tab-content\">\n\t\t\t\t\t<p>Creemos firmemente que la mejor estrategia es la que se entiende. Por eso, nuestro compromiso es brindarte <b>soluciones claras, efectivas y personalizadas<\/b>, permiti\u00e9ndote enfocarte en lo que mejor sabes hacer: hacer crecer tu negocio.<\/p>\t\t\t\t<\/div>\n\t\t\t\t\t\t\t\t<div id=\"tab-3180\" class=\"tab-content\">\n\t\t\t\t\t<p>Somos un equipo de Contadores Auditores dedicados a transformar la complejidad financiera y legal en oportunidades de crecimiento para tu negocio. Con m\u00e1s de 14 a\u00f1os de s\u00f3lida experiencia en el mercado, hemos acompa\u00f1ado a empresas de diversos rubros a alcanzar sus metas con seguridad y precisi\u00f3n.<\/p>\t\t\t\t<\/div>\n\t\t\t\t\t\t\t<\/div>\n\t    <\/div>\n\n\t    \t\t\t\t<\/div>\n\t\t\t\t<\/div>\n\t\t\t\t<div class=\"elementor-element elementor-element-2d45745 elementor-widget__width-initial elementor-widget elementor-widget-image\" data-id=\"2d45745\" data-element_type=\"widget\" data-widget_type=\"image.default\">\n\t\t\t\t\t\t\t\t\t\t\t\t\t\t\t<img loading=\"lazy\" decoding=\"async\" width=\"1536\" height=\"1024\" src=\"https:\/\/auditoresfe.cl\/wp-content\/uploads\/2025\/10\/WhatsApp-Image-2025-10-25-at-6.35.00-PM.jpeg\" class=\"attachment-full size-full wp-image-4555\" alt=\"\" srcset=\"https:\/\/auditoresfe.cl\/wp-content\/uploads\/2025\/10\/WhatsApp-Image-2025-10-25-at-6.35.00-PM.jpeg 1536w, https:\/\/auditoresfe.cl\/wp-content\/uploads\/2025\/10\/WhatsApp-Image-2025-10-25-at-6.35.00-PM-300x200.jpeg 300w, https:\/\/auditoresfe.cl\/wp-content\/uploads\/2025\/10\/WhatsApp-Image-2025-10-25-at-6.35.00-PM-1024x683.jpeg 1024w, https:\/\/auditoresfe.cl\/wp-content\/uploads\/2025\/10\/WhatsApp-Image-2025-10-25-at-6.35.00-PM-768x512.jpeg 768w\" sizes=\"(max-width: 1536px) 100vw, 1536px\" \/>\t\t\t\t\t\t\t\t\t\t\t\t\t\t\t<\/div>\n\t\t\t\t\t<\/div>\n\t\t<\/div>\n\t\t\t\t<div class=\"elementor-column elementor-col-50 elementor-inner-column elementor-element elementor-element-2628317\" data-id=\"2628317\" data-element_type=\"column\">\n\t\t\t<div class=\"elementor-widget-wrap elementor-element-populated\">\n\t\t\t\t\t\t<div class=\"elementor-element elementor-element-407307a image-width-full elementor-widget elementor-widget-mae-gallery-stack\" data-id=\"407307a\" data-element_type=\"widget\" data-widget_type=\"mae-gallery-stack.default\">\n\t\t\t\t<div class=\"elementor-widget-container\">\n\t\t\t\t\t\t\t<div class=\"master-gallery-stack\">\n\t\t\t<div class=\"master-fancy-image master-animation elementor-repeater-item-1b8621c \" data-top=\"0px\" data-animation=\"reveal revealLeft2\" data-calcHeight=\"no\">\n\t\t\t\t\t\t\t\t\t<div class=\"image-wrap\"><img loading=\"lazy\" decoding=\"async\" width=\"1024\" height=\"1024\" src=\"https:\/\/auditoresfe.cl\/wp-content\/uploads\/2025\/10\/WhatsApp-Image-2025-10-25-at-5.48.04-PM.jpeg\" class=\"attachment-full size-full\" alt=\"\" srcset=\"https:\/\/auditoresfe.cl\/wp-content\/uploads\/2025\/10\/WhatsApp-Image-2025-10-25-at-5.48.04-PM.jpeg 1024w, https:\/\/auditoresfe.cl\/wp-content\/uploads\/2025\/10\/WhatsApp-Image-2025-10-25-at-5.48.04-PM-300x300.jpeg 300w, https:\/\/auditoresfe.cl\/wp-content\/uploads\/2025\/10\/WhatsApp-Image-2025-10-25-at-5.48.04-PM-150x150.jpeg 150w, https:\/\/auditoresfe.cl\/wp-content\/uploads\/2025\/10\/WhatsApp-Image-2025-10-25-at-5.48.04-PM-768x768.jpeg 768w, https:\/\/auditoresfe.cl\/wp-content\/uploads\/2025\/10\/WhatsApp-Image-2025-10-25-at-5.48.04-PM-70x70.jpeg 70w\" sizes=\"(max-width: 1024px) 100vw, 1024px\" \/><\/div>\n\t\t\t\t\t\t\t\t<\/div>\t\t<\/div>\n\t    \t\t\t\t<\/div>\n\t\t\t\t<\/div>\n\t\t\t\t<div class=\"elementor-element elementor-element-2606aa8 elementor-widget__width-auto elementor-absolute elementor-view-default elementor-widget elementor-widget-icon\" data-id=\"2606aa8\" data-element_type=\"widget\" data-settings=\"{&quot;_position&quot;:&quot;absolute&quot;}\" data-widget_type=\"icon.default\">\n\t\t\t\t\t\t\t<div class=\"elementor-icon-wrapper\">\n\t\t\t<div class=\"elementor-icon\">\n\t\t\t<svg xmlns=\"http:\/\/www.w3.org\/2000\/svg\" xmlns:xlink=\"http:\/\/www.w3.org\/1999\/xlink\" width=\"512\" height=\"512\" viewBox=\"0 0 32 32\" xml:space=\"preserve\">\t<style type=\"text\/css\">\t\t\t\t.cloud { animation: cloud 0.5s ease infinite alternate; transform-box: fill-box; transform-origin: 50% 50%;  }\t\t\t\t@keyframes cloud { 0% { transform: scale(1); } 100% { transform: scale(1.1); }}\t\t\t.rocket { animation: rocket 0.4s ease infinite alternate; transform-box: fill-box; transform-origin: 50% 100%;  }\t\t\t\t@keyframes rocket { 0% { transform: translateY(0px); } 100% { transform: translateY(-1px);  }}\t\t\t.line1 { animation: line1 0.5s ease infinite 0.1s; transform-box: fill-box; transform-origin: 50% 0%; }\t\t.line2 { animation: line1 0.4s ease infinite 0.2s; transform-box: fill-box; transform-origin: 50% 0%; }\t\t.line3 { animation: line1 0.4s ease infinite 0.1s; transform-box: fill-box; transform-origin: 50% 0%; }\t\t.line4 { animation: line1 0.5s ease infinite 0.2s; transform-box: fill-box; transform-origin: 50% 0%; }\t\t@keyframes line1 { 0% { transform: translateY(-10px); opacity: 1; } 100% { transform: translateY(0px); opacity: 0; }}\t\t<\/style>\t<g id=\"launch_x2C__mission_x2C__rocket_x2C__start_x2C__startup\">\t\t<g class=\"cloud\">\t\t\t<path d=\"m2.527 31c-.252 0-.468-.189-.497-.445-.02-.182-.03-.367-.03-.555 0-2.757 2.243-5 5-5 .711 0 1.405.149 2.045.438.27-1.664 1.716-2.938 3.455-2.938.276 0 .5.224.5.5s-.224.5-.5.5c-1.378 0-2.5 1.122-2.5 2.5 0 .039.006.076.012.112.001.007.014.112.014.119.019.193-.076.379-.243.478-.166.1-.375.093-.536-.017-.665-.453-1.443-.692-2.247-.692-2.206 0-4 1.794-4 4 0 .15.008.299.024.445.03.274-.168.521-.442.552-.019.002-.037.003-.055.003z\"><\/path>\t\t\t<path d=\"m29.47 31c-.02 0-.041-.001-.062-.004-.274-.034-.469-.283-.435-.557.018-.143.027-.29.027-.439 0-1.93-1.57-3.5-3.5-3.5-.595 0-1.177.16-1.728.476-.223.126-.504.066-.654-.142-.383-.53-.972-.834-1.618-.834-.276 0-.5-.224-.5-.5 0-1.153-.674-2.218-1.716-2.712-.25-.118-.356-.417-.237-.666.118-.249.417-.355.666-.237 1.249.593 2.101 1.799 2.261 3.154.634.104 1.224.412 1.675.876.594-.275 1.215-.415 1.852-.415 2.481 0 4.5 2.019 4.5 4.5 0 .19-.012.378-.035.561-.031.253-.247.439-.496.439z\"><\/path>\t\t\t<path d=\"m17.5 24c-.276 0-.5-.224-.5-.5v-3c0-.276.224-.5.5-.5s.5.224.5.5v3c0 .276-.224.5-.5.5z\"><\/path>\t\t\t<path d=\"m14.5 27c-.276 0-.5-.224-.5-.5v-6c0-.276.224-.5.5-.5s.5.224.5.5v6c0 .276-.224.5-.5.5z\"><\/path>\t\t<\/g>\t\t<g class=\"cloud\">\t\t\t<path d=\"m21 30.999c-.276 0-.5-.224-.5-.5 0-1.378-1.122-2.5-2.5-2.5-.967 0-1.856.572-2.265 1.458-.069.149-.207.255-.368.283-.162.03-.327-.024-.442-.142-.38-.386-.886-.599-1.425-.599-.946 0-1.77.671-1.959 1.596-.055.271-.322.444-.59.39-.271-.055-.445-.319-.39-.59.284-1.388 1.52-2.396 2.939-2.396.593 0 1.159.171 1.643.49.648-.921 1.713-1.49 2.857-1.49 1.93 0 3.5 1.57 3.5 3.5 0 .276-.224.5-.5.5z\"><\/path>\t\t\t<circle id=\"XMLID_638_\" cx=\"17.5\" cy=\"25.5\" r=\".5\"><\/circle>\t\t<\/g>\t<\/g>\t<g class=\"rocket\">\t\t<path d=\"m16 19c-1.6 0-2.678-.53-2.724-.553-.169-.085-.276-.258-.276-.447v-2.432l-.589-2.121c-1.215-4.376.024-9.089 3.236-12.301.195-.195.512-.195.707 0 3.211 3.211 4.451 7.925 3.236 12.301l-.59 2.121v2.432c0 .189-.107.362-.276.447-.046.023-1.124.553-2.724.553zm-2-1.336c.37.133 1.086.336 2 .336.922 0 1.633-.202 2-.334v-2.166c0-.045.006-.09.018-.134l.607-2.187c1.074-3.864.068-8.014-2.625-10.956-2.693 2.942-3.699 7.092-2.625 10.957l.607 2.187c.012.043.018.088.018.133z\"><\/path>\t\t<circle id=\"XMLID_639_\" cx=\"15.5\" cy=\"10.5\" r=\".5\"><\/circle>\t\t<circle id=\"XMLID_640_\" cx=\"15.5\" cy=\"8.5\" r=\".5\"><\/circle>\t\t<path d=\"m16 16c-.187 0-.365-.007-.537-.02-.275-.02-.482-.26-.462-.535s.256-.482.535-.462c.149.011.303.017.464.017 1.366 0 2.268-.443 2.276-.447.247-.123.547-.023.671.224s.023.547-.224.671c-.045.022-1.123.552-2.723.552z\"><\/path>\t\t<path d=\"m13.5 15.5-.5-1.8v3.991l-2 1v-3.034c0-.935.364-1.813 1.025-2.475l.696-.696c-.083-.408-.15-.814-.19-1.224l-1.213 1.213c-.85.85-1.318 1.98-1.318 3.182v3.843c0 .173.09.334.237.425.08.05.172.075.263.075.077 0 .153-.018.224-.053l3-1.5c.113-.057.182-.158.227-.272-.286-.095-.451-.175-.451-.175z\"><\/path>\t\t<path d=\"m20.682 12.475-1.213-1.213c-.041.409-.107.816-.19 1.224l.696.696c.661.661 1.025 1.54 1.025 2.475v3.034l-2-1v-3.991l-.5 1.8v2.5s-.165.08-.45.175c.044.114.114.215.227.272l3 1.5c.07.035.146.053.223.053.091 0 .183-.025.263-.075.147-.091.237-.252.237-.425v-3.843c0-1.202-.468-2.332-1.318-3.182z\"><\/path>\t<\/g>\t<path class=\"line1\" d=\"m24.5 23c-.276 0-.5-.224-.5-.5v-6c0-.276.224-.5.5-.5s.5.224.5.5v6c0 .276-.224.5-.5.5z\"><\/path>\t<path class=\"line2\" d=\"m26.5 19c-.276 0-.5-.224-.5-.5v-7c0-.276.224-.5.5-.5s.5.224.5.5v7c0 .276-.224.5-.5.5z\"><\/path>\t<path class=\"line3\" d=\"m7.5 23c-.276 0-.5-.224-.5-.5v-6c0-.276.224-.5.5-.5s.5.224.5.5v6c0 .276-.224.5-.5.5z\"><\/path>\t<path class=\"line4\" d=\"m5.5 18c-.276 0-.5-.224-.5-.5v-6c0-.276.224-.5.5-.5s.5.224.5.5v6c0 .276-.224.5-.5.5z\"><\/path><\/svg>\t\t\t<\/div>\n\t\t<\/div>\n\t\t\t\t\t\t<\/div>\n\t\t\t\t\t<\/div>\n\t\t<\/div>\n\t\t\t\t\t<\/div>\n\t\t<\/section>\n\t\t\t\t\t<\/div>\n\t\t<\/div>\n\t\t\t\t\t<\/div>\n\t\t<\/section>\n\t\t\t\t<section class=\"elementor-section elementor-top-section elementor-element elementor-element-7684fae elementor-section-boxed elementor-section-height-default elementor-section-height-default\" data-id=\"7684fae\" data-element_type=\"section\">\n\t\t\t\t\t\t<div class=\"elementor-container elementor-column-gap-default\">\n\t\t\t\t\t<div class=\"elementor-column elementor-col-100 elementor-top-column elementor-element elementor-element-8e6d0bb\" data-id=\"8e6d0bb\" data-element_type=\"column\">\n\t\t\t<div class=\"elementor-widget-wrap elementor-element-populated\">\n\t\t\t\t\t\t<div class=\"elementor-element elementor-element-81c024f elementor-widget elementor-widget-spacer\" data-id=\"81c024f\" data-element_type=\"widget\" data-widget_type=\"spacer.default\">\n\t\t\t\t\t\t\t<div class=\"elementor-spacer\">\n\t\t\t<div class=\"elementor-spacer-inner\"><\/div>\n\t\t<\/div>\n\t\t\t\t\t\t<\/div>\n\t\t\t\t<div class=\"elementor-element elementor-element-6a48238 elementor-widget elementor-widget-spacer\" data-id=\"6a48238\" data-element_type=\"widget\" data-widget_type=\"spacer.default\">\n\t\t\t\t\t\t\t<div class=\"elementor-spacer\">\n\t\t\t<div class=\"elementor-spacer-inner\"><\/div>\n\t\t<\/div>\n\t\t\t\t\t\t<\/div>\n\t\t\t\t\t<\/div>\n\t\t<\/div>\n\t\t\t\t\t<\/div>\n\t\t<\/section>\n\t\t\t\t<section class=\"elementor-section elementor-top-section elementor-element elementor-element-e8fa525 elementor-section-boxed elementor-section-height-default elementor-section-height-default\" data-id=\"e8fa525\" data-element_type=\"section\">\n\t\t\t\t\t\t<div class=\"elementor-container elementor-column-gap-default\">\n\t\t\t\t\t<div class=\"elementor-column elementor-col-100 elementor-top-column elementor-element elementor-element-7dd1707\" data-id=\"7dd1707\" data-element_type=\"column\">\n\t\t\t<div class=\"elementor-widget-wrap elementor-element-populated\">\n\t\t\t\t\t\t<div class=\"elementor-element elementor-element-208a3d6 elementor-widget-divider--view-line elementor-widget elementor-widget-divider\" data-id=\"208a3d6\" data-element_type=\"widget\" data-widget_type=\"divider.default\">\n\t\t\t\t\t\t\t<div class=\"elementor-divider\">\n\t\t\t<span class=\"elementor-divider-separator\">\n\t\t\t\t\t\t<\/span>\n\t\t<\/div>\n\t\t\t\t\t\t<\/div>\n\t\t\t\t\t<\/div>\n\t\t<\/div>\n\t\t\t\t\t<\/div>\n\t\t<\/section>\n\t\t\t\t<\/div>\n\t\t\n    <div class=\"xs_social_share_widget xs_share_url after_content \t\tmain_content  wslu-style-1 wslu-share-box-shaped wslu-fill-colored wslu-none wslu-share-horizontal wslu-theme-font-no wslu-main_content\">\n\n\t\t\n        <ul>\n\t\t\t        <\/ul>\n    <\/div> \n","protected":false},"excerpt":{"rendered":"<p>Acerca de esta compa\u00f1ia Excelente servicio, soluciones para la vida y los negocios Somos un equipo de Contadores Auditores dedicados a transformar la complejidad financiera y legal en oportunidades de crecimiento para tu negocio. Con m\u00e1s de 14 a\u00f1os de s\u00f3lida experiencia en el mercado, hemos acompa\u00f1ado a empresas de<\/p>\n","protected":false},"author":1,"featured_media":0,"parent":0,"menu_order":0,"comment_status":"closed","ping_status":"closed","template":"","meta":{"inline_featured_image":false,"_monsterinsights_skip_tracking":false,"_monsterinsights_sitenote_active":false,"_monsterinsights_sitenote_note":"","_monsterinsights_sitenote_category":0,"footnotes":""},"class_list":["post-3736","page","type-page","status-publish","hentry"],"aioseo_notices":[],"_links":{"self":[{"href":"https:\/\/auditoresfe.cl\/index.php?rest_route=\/wp\/v2\/pages\/3736","targetHints":{"allow":["GET"]}}],"collection":[{"href":"https:\/\/auditoresfe.cl\/index.php?rest_route=\/wp\/v2\/pages"}],"about":[{"href":"https:\/\/auditoresfe.cl\/index.php?rest_route=\/wp\/v2\/types\/page"}],"author":[{"embeddable":true,"href":"https:\/\/auditoresfe.cl\/index.php?rest_route=\/wp\/v2\/users\/1"}],"replies":[{"embeddable":true,"href":"https:\/\/auditoresfe.cl\/index.php?rest_route=%2Fwp%2Fv2%2Fcomments&post=3736"}],"version-history":[{"count":20,"href":"https:\/\/auditoresfe.cl\/index.php?rest_route=\/wp\/v2\/pages\/3736\/revisions"}],"predecessor-version":[{"id":4908,"href":"https:\/\/auditoresfe.cl\/index.php?rest_route=\/wp\/v2\/pages\/3736\/revisions\/4908"}],"wp:attachment":[{"href":"https:\/\/auditoresfe.cl\/index.php?rest_route=%2Fwp%2Fv2%2Fmedia&parent=3736"}],"curies":[{"name":"wp","href":"https:\/\/api.w.org\/{rel}","templated":true}]}}